{"id":1063,"date":"2021-02-23T15:37:14","date_gmt":"2021-02-23T14:37:14","guid":{"rendered":"http:\/\/localhost:8888\/sf64\/privacy-policy\/"},"modified":"2021-02-23T15:37:14","modified_gmt":"2021-02-23T14:37:14","slug":"privacy-policy","status":"publish","type":"page","link":"https:\/\/festival.miramedia-sandbox.it\/en\/privacy-policy\/","title":{"rendered":"Privacy policy"},"content":{"rendered":"<p>I dati forniti a Fondazione Festival dei Due Mondi ONLUS tramite il sito www.festivaldispoleto.com saranno trattati in conformit\u00e0 a quanto previsto dalla vigente normativa sulla privacy, in particolare dal Regolamento (UE)2016\/679 (Regolamento Generale sulla protezione dei dati). Nel rispetto della richiamata normativa e in particolare dell\u2019art. 13 del citato Regolamento, nonch\u00e9 della Direttiva 2002\/58\/CE, come aggiornata dalla Direttiva2009\/136 CE in materia di cookies nonch\u00e9 a quanto previsto dal provvedimento dell\u2019Autorit\u00e0 Garante per la protezione dei dati personali dell\u20198 maggio 2014 sempre in materia di cookies, Le forniamo le seguenti informazioni in ordine al trattamento dei dati personali.<\/p>\n<p><strong>1. Titolare del trattamento<\/strong><br \/>\nTitolare del trattamento dei dati personali \u00e8 Fondazione Festival dei Due Mondi ONLUS-Partita Iva 01786480549, con sede legale in Spoleto, Piazza del Comune, 1. Per qualsiasi ulteriore informazione in merito al trattamento dei dati personali \u00e8 necessario inviare un\u2019email a: info@festival.miramedia-sandbox.it.<\/p>\n<p><strong>2. Dati oggetto di trattamento<\/strong><br \/>\n<strong>Dati di navigazione<\/strong><br \/>\nPer motivi di sicurezza, ed al fine di adempiere a specifici obblighi di legge, vengono registrati i dati tecnici di connessione degli utenti all\u2019interno di file di testo archiviati nella memoria del server (cosiddetti file di Log).<\/p>\n<p>All\u2019interno dei file di log viene registrata una serie di dati tecnici quali:<br \/>\n\u00b7  indirizzo IP del visitatore;<br \/>\n\u00b7  data e ora di accesso;<br \/>\n\u00b7  pagina visualizzata;<br \/>\n\u00b7  eventuale pagina web di provenienza;<br \/>\n\u00b7  browser ed il sistema operativo utilizzati.<\/p>\n<p>Tali dati consentono di risalire all\u2019identit\u00e0 del titolare della connessione, ma ci\u00f2 solo a seguito di particolari verifiche tecniche che possono essere compiute solo dall\u2019autorit\u00e0 giudiziaria. In nessun caso i nostri operatori potranno risalire autonomamente all\u2019identit\u00e0 dei visitatori tramite tali dati di navigazione ed in nessun caso verr\u00e0 effettuato il ricongiungimento con altre fonti di dati eventualmente in nostro possesso al fine di tracciare i percorsi di navigazioni di specifici utenti.<\/p>\n<p><strong>Cookie<\/strong><br \/>\nPer maggiori informazioni circa l\u2019utilizzo dei cookie da parte di www.festivaldispoleto.com e di aziende terze vi invitiamo a visitare questa pagina dove potrete consultare l\u2019informativa dettagliata: <a href=\"https:\/\/festival.miramedia-sandbox.it\/\/\/cookie-policy\/\">Cookie policy<\/a><\/p>\n<p><strong>Dati conferiti in modo volontario<\/strong><br \/>\nVerr\u00e0 fornita un\u2019informativa specifica ogni qualvolta l\u2019accesso a determinati servizi sia subordinato ad una procedura di registrazione che prevede la comunicazione di dati personali dell\u2019utente. Tale conferimento di dati, talvolta, potr\u00e0 essere eseguito dall\u2019utente in via semplificata mediante procedure di &#8220;connessione&#8221; con servizi esterni (come ad esempio Facebook Connect) i quali provvederanno, dopo l\u2019esplicito consenso dell\u2019interessato, a trasmetterci in modo automatico e per via telematica i dati necessari all\u2019erogazione del servizio richiesto.<\/p>\n<p>L\u2019acquisizione dei dati, ove richiesta, \u00e8 il presupposto indispensabile per accedere ai servizi offerti dal ns. network.<\/p>\n<p><strong>3. Finalit\u00e0 del trattamento<\/strong><br \/>\nUtilizziamo i dati di navigazione e quelli che ci vengono conferiti volontariamente dagli utenti solamente per gli scopi per i quali i dati sono stati raccolti.<br \/>\nI file di log vengono da noi trattati per controllare il corretto funzionamento del sito e proteggere i nostri sistemi da eventuali attacchi informatici;<\/p>\n<p>I dati personali forniti volontariamente vengono trattati:<br \/>\n\u00b7  per poter fornire i servizi richiesti;<br \/>\n\u00b7  per effettuare eventuali operazioni di fatturazione (in caso di servizi a pagamento);<br \/>\n\u00b7  per poter erogare il servizio di newsletter o effettuare l\u2019invio di comunicazioni pubblicitarie;<br \/>\n\u00b7  per poter elaborare specifiche richieste degli utenti in modo automatico o manuale.<br \/>\nI cookie vengono trattati in conformit\u00e0 a quanto indicato nell\u2019apposita informativa: <a href=\"https:\/\/festival.miramedia-sandbox.it\/\/\/cookie-policy\/\">Cookie policy<\/a><\/p>\n<p><strong>4. Modalit\u00e0 del trattamento<\/strong><br \/>\nII trattamento \u00e8 realizzato per mezzo delle operazioni o complesso di operazioni indicate all\u2019art. 4, paragrafo 1, n. 2 del Regolamento (UE)2016\/679: raccolta, registrazione, organizzazione, conservazione, consultazione, strutturazione, elaborazione, adattamento, modificazione, selezione, estrazione, raffronto, utilizzo, diffusione, interconnessione, blocco, distruzione. Il trattamento \u00e8 svolto dal Titolare e\/o dagli operatori del trattamento incaricati dal titolare o dagli eventuali Responsabili del trattamento nominati dal Titolare ai sensi dell\u2019art. 28 del Regolamento (UE) 2016\/679.<\/p>\n<p>I dati oggetto di trattamento sono trattati con strumenti informatici in modo prevalentemente automatizzato. L\u2019intervento manuale da parte di operatori \u201cautorizzati al trattamento\u201d \u00e8 previsto solo in casi particolari e limitati, solitamente dietro richiesta del diretto interessato. Idonee misure di sicurezza sono osservate per prevenire la perdita dei dati, usi illeciti o non corretti ed accessi non autorizzati.<\/p>\n<p><strong>5. Non obbligatoriet\u00e0 del conferimento<\/strong><br \/>\nA parte quanto specificato per i dati di navigazione (file di log), e in parte per i cookies (che comunque possono essere bloccati e\/o cancellati mediante apposite funzionalit\u00e0 integrate nel browser) l\u2019utente \u00e8 libero di fornire o meno i dati personali indicati nei moduli di registrazione e\/o di richiesta informazioni. Si precisa, tuttavia, che il loro mancato conferimento pu\u00f2 comportare l\u2019impossibilit\u00e0 di ottenere quanto richiesto.<\/p>\n<p><strong>6. Conservazione dei dati<\/strong><br \/>\nNel rispetto di quanto previsto dall\u2019art. 5 paragrafo 1, lett. e) del Regolamento (UE) 2016\/679, i dati personali sono conservati per il tempo necessario al conseguimento delle finalit\u00e0 per le quali i dati sono trattati nonch\u00e9 per lo svolgimento di finalit\u00e0 amministrativo-contabile e, comunque, non oltre i dieci anni dalla cessazione del trattamento.<\/p>\n<p><strong>7. Comunicazione dei dati.<\/strong><br \/>\nI dati personali possono venire a conoscenza degli operatori che, autorizzati, sono incaricati del trattamento e possono essere comunicati per le finalit\u00e0 di cui al punto 3 a collaboratori esterni cui la comunicazione sia necessaria per il corretto adempimento delle finalit\u00e0 indicate nel punto 3. I dati personali potranno essere, altres\u00ec, comunicati ad altri destinatari, nominati ai sensi dell\u2019art.28 del Regolamento (UE) 2016\/679 Responsabili del trattamento dei dati per l\u2019espletamento di specifiche finalit\u00e0 di trattamento di cui al punto 1 (ad es.: soggetti che forniscono servizi per la gestione del sistema informativo e della rete di comunicazione on line, Studio Societ\u00e0 nell\u2019ambito di rapporti di assistenza e consulenza, etc.).<\/p>\n<p>L\u2019elenco degli eventuali Responsabili del trattamento nominati dal Titolare \u00e8 costantemente aggiornato  dalla Fondazione.<\/p>\n<p><strong>8. Trasferimento dei dati all\u2019estero<\/strong><br \/>\nI dati personali forniti non saranno, di norma trasferiti all\u2019esterno dell\u2019Unione Europea: in caso contrario saranno trasferiti i soli dati personali necessari al perseguimento delle finalit\u00e0 e applicate le misure prescritte dal Capo V del Regolamento.<\/p>\n<p><strong>9. Diritti dell\u2019interessato<\/strong><br \/>\nGli articoli da 15 a 22 del Regolamento (UE) 2016\/679 conferiscono all\u2019interessato l\u2019esercizio di specifici diritti, tra cui quello di ottenere dal titolare la conferma dell\u2019esistenza o meno di propri dati personali e la loro messa a disposizione in forma intelligibile; l\u2019interessato ha diritto di avere conoscenza dell\u2019origine dei dati, della finalit\u00e0 e delle modalit\u00e0 del trattamento, della logica applicata al trattamento, degli estremi identificativi del titolare e dei soggetti cui i dati possono essere comunicati; l\u2019interessato ha inoltre diritto di ottenere l\u2019aggiornamento, la rettificazione e l\u2019integrazione dei dati, la cancellazione, la limitazione di trattamento, la trasformazione in forma anonima o il blocco dei dati trattati in violazione della legge nonch\u00e9 la portabilit\u00e0 dei dati; l\u2019interessato ha il diritto di opporsi, per motivi legittimi, al trattamento dei dati.<\/p>\n<p>Fatto salvo ogni altro ricorso amministrativo e giurisdizionale, se ritiene che il trattamento dei dati che la riguardano violi quanto previsto dal Regolamento (UE) 2016\/679, ai sensi dell\u2019art. 77 del predetto Regolamento Lei ha il diritto di proporre reclamo all\u2019Autorit\u00e0 di controllo (i.e.: il Garante per la protezione dei dati personali).<\/p>\n<p><strong>10. Richieste di cancellazione da specifici servizi<\/strong><\/p>\n<p>La richiesta di cancellazione dei dati personali potrebbe comportare la conseguente interruzione dei servizi offerti la cui fruizione era subordinata all\u2019accettazione del trattamento degli stessi.<\/p>\n<p><strong>11. Servizio di Newsletter<\/strong><br \/>\nwww.festivaldispoleto.com NON invia spam. Ogni mail viene inviata ai nostri utenti a seguito di esplicita richiesta (mediante iscrizione in Double OptIn).<br \/>\n\u0116 comunque possibile cancellarsi dalla Newsletter in ogni momento attraverso la procedura indicata in calce alla newsletter stessa.<br \/>\nQualora riteniate di essere vittima di SPAM vi invitiamo a contattarci.<\/p>\n","protected":false},"excerpt":{"rendered":"<p>I dati forniti a Fondazione Festival dei Due Mondi ONLUS tramite il sito www.festivaldispoleto.com saranno trattati in conformit\u00e0 a quanto previsto dalla vigente normativa sulla privacy, in particolare dal Regolamento (UE)2016\/679 (Regolamento Generale sulla protezione dei dati). Nel rispetto della richiamata normativa e in particolare dell\u2019art. 13 del citato Regolamento, nonch\u00e9 della Direttiva 2002\/58\/CE, come [&hellip;]<\/p>\n","protected":false},"author":6,"featured_media":0,"parent":0,"menu_order":86,"comment_status":"closed","ping_status":"closed","template":"pag_long_texts.php","meta":{"inline_featured_image":false,"footnotes":""},"class_list":["post-1063","page","type-page","status-publish","hentry"],"_links":{"self":[{"href":"https:\/\/festival.miramedia-sandbox.it\/en\/wp-json\/wp\/v2\/pages\/1063","targetHints":{"allow":["GET"]}}],"collection":[{"href":"https:\/\/festival.miramedia-sandbox.it\/en\/wp-json\/wp\/v2\/pages"}],"about":[{"href":"https:\/\/festival.miramedia-sandbox.it\/en\/wp-json\/wp\/v2\/types\/page"}],"author":[{"embeddable":true,"href":"https:\/\/festival.miramedia-sandbox.it\/en\/wp-json\/wp\/v2\/users\/6"}],"replies":[{"embeddable":true,"href":"https:\/\/festival.miramedia-sandbox.it\/en\/wp-json\/wp\/v2\/comments?post=1063"}],"version-history":[{"count":0,"href":"https:\/\/festival.miramedia-sandbox.it\/en\/wp-json\/wp\/v2\/pages\/1063\/revisions"}],"wp:attachment":[{"href":"https:\/\/festival.miramedia-sandbox.it\/en\/wp-json\/wp\/v2\/media?parent=1063"}],"curies":[{"name":"wp","href":"https:\/\/api.w.org\/{rel}","templated":true}]}}